{"id":96,"date":"2024-12-02T22:02:04","date_gmt":"2024-12-02T21:02:04","guid":{"rendered":"http:\/\/chepuki.clintstudio.fr\/?page_id=96"},"modified":"2024-12-22T17:10:52","modified_gmt":"2024-12-22T16:10:52","slug":"cest-dla-bombe","status":"publish","type":"page","link":"https:\/\/www.chepuki.com\/index.php\/cest-dla-bombe\/","title":{"rendered":"C&rsquo;est d&rsquo;la Bombe"},"content":{"rendered":"\n<p>Avec&nbsp;<em>C\u2019est d\u2019la bombe<\/em>, Chepuki d\u00e9tourne les bombes de peinture en v\u00e9ritables objets d\u2019art, o\u00f9 chaque bombe usag\u00e9e devient un totem symbolisant la cr\u00e9ativit\u00e9 urbaine. Cette collection t\u00e9moigne de sa volont\u00e9 de donner une seconde vie \u00e0 ces outils embl\u00e9matiques du street art, les \u00e9rigeant en symboles de son engagement pour un art durable et accessible. Les bombes, color\u00e9es et r\u00e9invent\u00e9es, deviennent ici des sculptures brutes, invitant \u00e0 reconsid\u00e9rer l\u2019outil de cr\u00e9ation comme une \u0153uvre \u00e0 part enti\u00e8re mais aussi et surtout \u00e0 plonger dans les symboles de notre jeunesse repr\u00e9sent\u00e9s sur ces \u0153uvres qui donnent souvent le sourire.<\/p>\n\n\n\n<figure class=\"wp-block-gallery has-nested-images columns-default is-cropped wp-block-gallery-1 is-layout-flex wp-block-gallery-is-layout-flex\">\n<figure class=\"wp-block-image size-large\"><img loading=\"lazy\" decoding=\"async\" width=\"1024\" height=\"772\" data-id=\"100\" src=\"http:\/\/chepuki.clintstudio.fr\/wp-content\/uploads\/2024\/12\/bombe5-1024x772.png\" alt=\"\" class=\"wp-image-100\" srcset=\"https:\/\/www.chepuki.com\/wp-content\/uploads\/2024\/12\/bombe5-1024x772.png 1024w, https:\/\/www.chepuki.com\/wp-content\/uploads\/2024\/12\/bombe5-300x226.png 300w, https:\/\/www.chepuki.com\/wp-content\/uploads\/2024\/12\/bombe5-768x579.png 768w, https:\/\/www.chepuki.com\/wp-content\/uploads\/2024\/12\/bombe5-1536x1157.png 1536w, https:\/\/www.chepuki.com\/wp-content\/uploads\/2024\/12\/bombe5-2048x1543.png 2048w\" sizes=\"auto, (max-width: 1024px) 100vw, 1024px\" \/><\/figure>\n\n\n\n<figure class=\"wp-block-image size-large\"><img loading=\"lazy\" decoding=\"async\" width=\"768\" height=\"1024\" data-id=\"181\" src=\"https:\/\/www.chepuki.com\/wp-content\/uploads\/2024\/12\/IMG_4466-768x1024.jpg\" alt=\"\" class=\"wp-image-181\" srcset=\"https:\/\/www.chepuki.com\/wp-content\/uploads\/2024\/12\/IMG_4466-768x1024.jpg 768w, https:\/\/www.chepuki.com\/wp-content\/uploads\/2024\/12\/IMG_4466-225x300.jpg 225w, https:\/\/www.chepuki.com\/wp-content\/uploads\/2024\/12\/IMG_4466-1152x1536.jpg 1152w, https:\/\/www.chepuki.com\/wp-content\/uploads\/2024\/12\/IMG_4466-rotated.jpg 1512w\" sizes=\"auto, (max-width: 768px) 100vw, 768px\" \/><\/figure>\n\n\n\n<figure class=\"wp-block-image size-large\"><img loading=\"lazy\" decoding=\"async\" width=\"768\" height=\"1024\" data-id=\"184\" src=\"https:\/\/www.chepuki.com\/wp-content\/uploads\/2024\/12\/IMG_4436-768x1024.jpg\" alt=\"\" class=\"wp-image-184\" srcset=\"https:\/\/www.chepuki.com\/wp-content\/uploads\/2024\/12\/IMG_4436-768x1024.jpg 768w, https:\/\/www.chepuki.com\/wp-content\/uploads\/2024\/12\/IMG_4436-225x300.jpg 225w, https:\/\/www.chepuki.com\/wp-content\/uploads\/2024\/12\/IMG_4436-1152x1536.jpg 1152w, https:\/\/www.chepuki.com\/wp-content\/uploads\/2024\/12\/IMG_4436-rotated.jpg 1512w\" sizes=\"auto, (max-width: 768px) 100vw, 768px\" \/><\/figure>\n\n\n\n<figure class=\"wp-block-image size-large\"><img loading=\"lazy\" decoding=\"async\" width=\"768\" height=\"1024\" data-id=\"186\" src=\"https:\/\/www.chepuki.com\/wp-content\/uploads\/2024\/12\/IMG_4426-768x1024.jpg\" alt=\"\" class=\"wp-image-186\" srcset=\"https:\/\/www.chepuki.com\/wp-content\/uploads\/2024\/12\/IMG_4426-768x1024.jpg 768w, https:\/\/www.chepuki.com\/wp-content\/uploads\/2024\/12\/IMG_4426-225x300.jpg 225w, https:\/\/www.chepuki.com\/wp-content\/uploads\/2024\/12\/IMG_4426-1152x1536.jpg 1152w, https:\/\/www.chepuki.com\/wp-content\/uploads\/2024\/12\/IMG_4426-rotated.jpg 1512w\" sizes=\"auto, (max-width: 768px) 100vw, 768px\" \/><\/figure>\n\n\n\n<figure class=\"wp-block-image size-large\"><img loading=\"lazy\" decoding=\"async\" width=\"768\" height=\"1024\" data-id=\"183\" src=\"https:\/\/www.chepuki.com\/wp-content\/uploads\/2024\/12\/IMG_4447-768x1024.jpg\" alt=\"\" class=\"wp-image-183\" srcset=\"https:\/\/www.chepuki.com\/wp-content\/uploads\/2024\/12\/IMG_4447-768x1024.jpg 768w, https:\/\/www.chepuki.com\/wp-content\/uploads\/2024\/12\/IMG_4447-225x300.jpg 225w, https:\/\/www.chepuki.com\/wp-content\/uploads\/2024\/12\/IMG_4447-1152x1536.jpg 1152w, https:\/\/www.chepuki.com\/wp-content\/uploads\/2024\/12\/IMG_4447-rotated.jpg 1512w\" sizes=\"auto, (max-width: 768px) 100vw, 768px\" \/><\/figure>\n\n\n\n<figure class=\"wp-block-image size-large\"><img loading=\"lazy\" decoding=\"async\" width=\"768\" height=\"1024\" data-id=\"185\" src=\"https:\/\/www.chepuki.com\/wp-content\/uploads\/2024\/12\/IMG_4428-768x1024.jpg\" alt=\"\" class=\"wp-image-185\" srcset=\"https:\/\/www.chepuki.com\/wp-content\/uploads\/2024\/12\/IMG_4428-768x1024.jpg 768w, https:\/\/www.chepuki.com\/wp-content\/uploads\/2024\/12\/IMG_4428-225x300.jpg 225w, https:\/\/www.chepuki.com\/wp-content\/uploads\/2024\/12\/IMG_4428-1152x1536.jpg 1152w, https:\/\/www.chepuki.com\/wp-content\/uploads\/2024\/12\/IMG_4428-rotated.jpg 1512w\" sizes=\"auto, (max-width: 768px) 100vw, 768px\" \/><\/figure>\n\n\n\n<figure class=\"wp-block-image size-large\"><img loading=\"lazy\" decoding=\"async\" width=\"768\" height=\"1024\" data-id=\"187\" src=\"https:\/\/www.chepuki.com\/wp-content\/uploads\/2024\/12\/IMG_4415-768x1024.jpg\" alt=\"\" class=\"wp-image-187\" srcset=\"https:\/\/www.chepuki.com\/wp-content\/uploads\/2024\/12\/IMG_4415-768x1024.jpg 768w, https:\/\/www.chepuki.com\/wp-content\/uploads\/2024\/12\/IMG_4415-225x300.jpg 225w, https:\/\/www.chepuki.com\/wp-content\/uploads\/2024\/12\/IMG_4415-1152x1536.jpg 1152w, https:\/\/www.chepuki.com\/wp-content\/uploads\/2024\/12\/IMG_4415-rotated.jpg 1512w\" sizes=\"auto, (max-width: 768px) 100vw, 768px\" \/><\/figure>\n\n\n\n<figure class=\"wp-block-image size-large\"><img loading=\"lazy\" decoding=\"async\" width=\"898\" height=\"1024\" data-id=\"98\" src=\"http:\/\/chepuki.clintstudio.fr\/wp-content\/uploads\/2024\/12\/bombe4-898x1024.png\" alt=\"\" class=\"wp-image-98\" srcset=\"https:\/\/www.chepuki.com\/wp-content\/uploads\/2024\/12\/bombe4-898x1024.png 898w, https:\/\/www.chepuki.com\/wp-content\/uploads\/2024\/12\/bombe4-263x300.png 263w, https:\/\/www.chepuki.com\/wp-content\/uploads\/2024\/12\/bombe4-768x876.png 768w, https:\/\/www.chepuki.com\/wp-content\/uploads\/2024\/12\/bombe4-1347x1536.png 1347w, https:\/\/www.chepuki.com\/wp-content\/uploads\/2024\/12\/bombe4.png 1638w\" sizes=\"auto, (max-width: 898px) 100vw, 898px\" \/><\/figure>\n\n\n\n<figure class=\"wp-block-image size-large\"><img loading=\"lazy\" decoding=\"async\" width=\"897\" height=\"1024\" data-id=\"97\" src=\"http:\/\/chepuki.clintstudio.fr\/wp-content\/uploads\/2024\/12\/bombe3-897x1024.png\" alt=\"\" class=\"wp-image-97\" srcset=\"https:\/\/www.chepuki.com\/wp-content\/uploads\/2024\/12\/bombe3-897x1024.png 897w, https:\/\/www.chepuki.com\/wp-content\/uploads\/2024\/12\/bombe3-263x300.png 263w, https:\/\/www.chepuki.com\/wp-content\/uploads\/2024\/12\/bombe3-768x877.png 768w, https:\/\/www.chepuki.com\/wp-content\/uploads\/2024\/12\/bombe3-1345x1536.png 1345w, https:\/\/www.chepuki.com\/wp-content\/uploads\/2024\/12\/bombe3.png 1634w\" sizes=\"auto, (max-width: 897px) 100vw, 897px\" \/><\/figure>\n\n\n\n<figure class=\"wp-block-image size-large\"><img loading=\"lazy\" decoding=\"async\" width=\"1024\" height=\"567\" data-id=\"101\" src=\"http:\/\/chepuki.clintstudio.fr\/wp-content\/uploads\/2024\/12\/bombe2-1024x567.png\" alt=\"\" class=\"wp-image-101\" srcset=\"https:\/\/www.chepuki.com\/wp-content\/uploads\/2024\/12\/bombe2-1024x567.png 1024w, https:\/\/www.chepuki.com\/wp-content\/uploads\/2024\/12\/bombe2-300x166.png 300w, https:\/\/www.chepuki.com\/wp-content\/uploads\/2024\/12\/bombe2-768x426.png 768w, https:\/\/www.chepuki.com\/wp-content\/uploads\/2024\/12\/bombe2-1536x851.png 1536w, https:\/\/www.chepuki.com\/wp-content\/uploads\/2024\/12\/bombe2-2048x1135.png 2048w\" sizes=\"auto, (max-width: 1024px) 100vw, 1024px\" \/><\/figure>\n\n\n\n<figure class=\"wp-block-image size-large\"><img loading=\"lazy\" decoding=\"async\" width=\"1024\" height=\"974\" data-id=\"99\" src=\"http:\/\/chepuki.clintstudio.fr\/wp-content\/uploads\/2024\/12\/bombe1-1024x974.png\" alt=\"\" class=\"wp-image-99\" srcset=\"https:\/\/www.chepuki.com\/wp-content\/uploads\/2024\/12\/bombe1-1024x974.png 1024w, https:\/\/www.chepuki.com\/wp-content\/uploads\/2024\/12\/bombe1-300x285.png 300w, https:\/\/www.chepuki.com\/wp-content\/uploads\/2024\/12\/bombe1-768x731.png 768w, https:\/\/www.chepuki.com\/wp-content\/uploads\/2024\/12\/bombe1-1536x1462.png 1536w, https:\/\/www.chepuki.com\/wp-content\/uploads\/2024\/12\/bombe1.png 1942w\" sizes=\"auto, (max-width: 1024px) 100vw, 1024px\" \/><\/figure>\n<\/figure>\n","protected":false},"excerpt":{"rendered":"<p>Avec&nbsp;C\u2019est d\u2019la bombe, Chepuki d\u00e9tourne les bombes de peinture en v\u00e9ritables objets d\u2019art, o\u00f9 chaque bombe usag\u00e9e devient un totem symbolisant la cr\u00e9ativit\u00e9 urbaine. Cette collection t\u00e9moigne de sa volont\u00e9 de donner une seconde vie<span class=\"more-button\"><a href=\"https:\/\/www.chepuki.com\/index.php\/cest-dla-bombe\/\" class=\"more-link\">Lire la suite<span class=\"screen-reader-text\">C&rsquo;est d&rsquo;la Bombe<\/span><i class=\"fa fa-angle-right\" aria-hidden=\"true\"><\/i><\/a><\/span><\/p>\n","protected":false},"author":1,"featured_media":0,"parent":0,"menu_order":0,"comment_status":"closed","ping_status":"closed","template":"","meta":{"footnotes":""},"class_list":["post-96","page","type-page","status-publish","hentry"],"_links":{"self":[{"href":"https:\/\/www.chepuki.com\/index.php\/wp-json\/wp\/v2\/pages\/96","targetHints":{"allow":["GET"]}}],"collection":[{"href":"https:\/\/www.chepuki.com\/index.php\/wp-json\/wp\/v2\/pages"}],"about":[{"href":"https:\/\/www.chepuki.com\/index.php\/wp-json\/wp\/v2\/types\/page"}],"author":[{"embeddable":true,"href":"https:\/\/www.chepuki.com\/index.php\/wp-json\/wp\/v2\/users\/1"}],"replies":[{"embeddable":true,"href":"https:\/\/www.chepuki.com\/index.php\/wp-json\/wp\/v2\/comments?post=96"}],"version-history":[{"count":3,"href":"https:\/\/www.chepuki.com\/index.php\/wp-json\/wp\/v2\/pages\/96\/revisions"}],"predecessor-version":[{"id":192,"href":"https:\/\/www.chepuki.com\/index.php\/wp-json\/wp\/v2\/pages\/96\/revisions\/192"}],"wp:attachment":[{"href":"https:\/\/www.chepuki.com\/index.php\/wp-json\/wp\/v2\/media?parent=96"}],"curies":[{"name":"wp","href":"https:\/\/api.w.org\/{rel}","templated":true}]}}