{"id":93,"date":"2024-12-02T21:58:34","date_gmt":"2024-12-02T20:58:34","guid":{"rendered":"http:\/\/chepuki.clintstudio.fr\/?page_id=93"},"modified":"2024-12-22T18:20:10","modified_gmt":"2024-12-22T17:20:10","slug":"lego-les-couleurs","status":"publish","type":"page","link":"https:\/\/www.chepuki.com\/index.php\/lego-les-couleurs\/","title":{"rendered":"LEGO &amp; Les Couleurs"},"content":{"rendered":"\n<p>Dans&nbsp;<em>Lego et les couleurs<\/em>, Chepuki exploite l\u2019iconique brique de Lego et les \u201cLegoman\u201d comme support de cr\u00e9ativit\u00e9 et de jeu de mots. Chaque \u0153uvre int\u00e8gre des assemblages de briques ou des Legoman qui r\u00e9interpr\u00e8tent des expressions famili\u00e8res ou inventent des formules humoristiques, offrant des messages \u00e0 double sens. Ce clin d\u2019\u0153il ludique \u00e0 l\u2019enfance r\u00e9sonne dans l\u2019assemblage de couleurs vives et de formes \u00e9pur\u00e9es, o\u00f9 les briques de Lego deviennent les pi\u00e8ces d\u2019un puzzle mental pour le spectateur. La collection incarne l\u2019esprit de Chepuki : un m\u00e9lange de nostalgie, d\u2019humour et de relecture des symboles de notre jeunesse. Chepuki entra\u00eene le spectateur dans un voyage entre souvenirs d\u2019enfance et invention visuelle, faisant de chaque pi\u00e8ce une composition surprenante et joyeusement d\u00e9cal\u00e9e.<\/p>\n\n\n\n<figure class=\"wp-block-gallery has-nested-images columns-default is-cropped wp-block-gallery-1 is-layout-flex wp-block-gallery-is-layout-flex\">\n<figure class=\"wp-block-image size-large\"><a href=\"https:\/\/www.chepuki.com\/index.php\/lego-les-couleurs\/legodzilla\/\"><img loading=\"lazy\" decoding=\"async\" width=\"731\" height=\"1024\" data-id=\"36\" src=\"http:\/\/chepuki.clintstudio.fr\/wp-content\/uploads\/2024\/12\/24102024-Chepuki-015-731x1024.jpg\" alt=\"\" class=\"wp-image-36\" srcset=\"https:\/\/www.chepuki.com\/wp-content\/uploads\/2024\/12\/24102024-Chepuki-015-731x1024.jpg 731w, https:\/\/www.chepuki.com\/wp-content\/uploads\/2024\/12\/24102024-Chepuki-015-214x300.jpg 214w, https:\/\/www.chepuki.com\/wp-content\/uploads\/2024\/12\/24102024-Chepuki-015-768x1075.jpg 768w, https:\/\/www.chepuki.com\/wp-content\/uploads\/2024\/12\/24102024-Chepuki-015-1097x1536.jpg 1097w, https:\/\/www.chepuki.com\/wp-content\/uploads\/2024\/12\/24102024-Chepuki-015-1463x2048.jpg 1463w, https:\/\/www.chepuki.com\/wp-content\/uploads\/2024\/12\/24102024-Chepuki-015-scaled.jpg 1828w\" sizes=\"auto, (max-width: 731px) 100vw, 731px\" \/><\/a><figcaption class=\"wp-element-caption\">Legodzilla<\/figcaption><\/figure>\n\n\n\n<figure class=\"wp-block-image size-large\"><a href=\"https:\/\/www.chepuki.com\/index.php\/lego-les-couleurs\/legoat\/\"><img loading=\"lazy\" decoding=\"async\" width=\"1024\" height=\"850\" data-id=\"38\" src=\"http:\/\/chepuki.clintstudio.fr\/wp-content\/uploads\/2024\/12\/24102024-Chepuki-019-1024x850.jpg\" alt=\"\" class=\"wp-image-38\" srcset=\"https:\/\/www.chepuki.com\/wp-content\/uploads\/2024\/12\/24102024-Chepuki-019-1024x850.jpg 1024w, https:\/\/www.chepuki.com\/wp-content\/uploads\/2024\/12\/24102024-Chepuki-019-300x249.jpg 300w, https:\/\/www.chepuki.com\/wp-content\/uploads\/2024\/12\/24102024-Chepuki-019-768x637.jpg 768w, https:\/\/www.chepuki.com\/wp-content\/uploads\/2024\/12\/24102024-Chepuki-019-1536x1275.jpg 1536w, https:\/\/www.chepuki.com\/wp-content\/uploads\/2024\/12\/24102024-Chepuki-019-2048x1699.jpg 2048w\" sizes=\"auto, (max-width: 1024px) 100vw, 1024px\" \/><\/a><figcaption class=\"wp-element-caption\">Legoat<\/figcaption><\/figure>\n\n\n\n<figure class=\"wp-block-image size-large\"><a href=\"https:\/\/www.chepuki.com\/index.php\/lego-les-couleurs\/legolas\/\"><img loading=\"lazy\" decoding=\"async\" width=\"731\" height=\"1024\" data-id=\"39\" src=\"http:\/\/chepuki.clintstudio.fr\/wp-content\/uploads\/2024\/12\/24102024-Chepuki-020-731x1024.jpg\" alt=\"\" class=\"wp-image-39\" srcset=\"https:\/\/www.chepuki.com\/wp-content\/uploads\/2024\/12\/24102024-Chepuki-020-731x1024.jpg 731w, https:\/\/www.chepuki.com\/wp-content\/uploads\/2024\/12\/24102024-Chepuki-020-214x300.jpg 214w, https:\/\/www.chepuki.com\/wp-content\/uploads\/2024\/12\/24102024-Chepuki-020-768x1076.jpg 768w, https:\/\/www.chepuki.com\/wp-content\/uploads\/2024\/12\/24102024-Chepuki-020-1096x1536.jpg 1096w, https:\/\/www.chepuki.com\/wp-content\/uploads\/2024\/12\/24102024-Chepuki-020-1462x2048.jpg 1462w, https:\/\/www.chepuki.com\/wp-content\/uploads\/2024\/12\/24102024-Chepuki-020-scaled.jpg 1827w\" sizes=\"auto, (max-width: 731px) 100vw, 731px\" \/><\/a><figcaption class=\"wp-element-caption\">Legolas<\/figcaption><\/figure>\n\n\n\n<figure class=\"wp-block-image size-large\"><a href=\"https:\/\/www.chepuki.com\/index.php\/lego-les-couleurs\/legostbuster\/\"><img loading=\"lazy\" decoding=\"async\" width=\"849\" height=\"1024\" data-id=\"29\" src=\"http:\/\/chepuki.clintstudio.fr\/wp-content\/uploads\/2024\/12\/16112024-Chepuki2-101-Avec-accentuation-Bruit-849x1024.jpg\" alt=\"\" class=\"wp-image-29\" srcset=\"https:\/\/www.chepuki.com\/wp-content\/uploads\/2024\/12\/16112024-Chepuki2-101-Avec-accentuation-Bruit-849x1024.jpg 849w, https:\/\/www.chepuki.com\/wp-content\/uploads\/2024\/12\/16112024-Chepuki2-101-Avec-accentuation-Bruit-249x300.jpg 249w, https:\/\/www.chepuki.com\/wp-content\/uploads\/2024\/12\/16112024-Chepuki2-101-Avec-accentuation-Bruit-768x926.jpg 768w, https:\/\/www.chepuki.com\/wp-content\/uploads\/2024\/12\/16112024-Chepuki2-101-Avec-accentuation-Bruit-1274x1536.jpg 1274w, https:\/\/www.chepuki.com\/wp-content\/uploads\/2024\/12\/16112024-Chepuki2-101-Avec-accentuation-Bruit-1699x2048.jpg 1699w\" sizes=\"auto, (max-width: 849px) 100vw, 849px\" \/><\/a><figcaption class=\"wp-element-caption\">Legostbuster<\/figcaption><\/figure>\n\n\n\n<figure class=\"wp-block-image size-large\"><a href=\"https:\/\/www.chepuki.com\/index.php\/lego-les-couleurs\/legostbuster\/\"><img loading=\"lazy\" decoding=\"async\" width=\"848\" height=\"1024\" data-id=\"30\" src=\"http:\/\/chepuki.clintstudio.fr\/wp-content\/uploads\/2024\/12\/16112024-Chepuki2-103-848x1024.jpg\" alt=\"\" class=\"wp-image-30\" srcset=\"https:\/\/www.chepuki.com\/wp-content\/uploads\/2024\/12\/16112024-Chepuki2-103-848x1024.jpg 848w, https:\/\/www.chepuki.com\/wp-content\/uploads\/2024\/12\/16112024-Chepuki2-103-249x300.jpg 249w, https:\/\/www.chepuki.com\/wp-content\/uploads\/2024\/12\/16112024-Chepuki2-103-768x927.jpg 768w, https:\/\/www.chepuki.com\/wp-content\/uploads\/2024\/12\/16112024-Chepuki2-103-1272x1536.jpg 1272w, https:\/\/www.chepuki.com\/wp-content\/uploads\/2024\/12\/16112024-Chepuki2-103-1696x2048.jpg 1696w\" sizes=\"auto, (max-width: 848px) 100vw, 848px\" \/><\/a><figcaption class=\"wp-element-caption\">Legostbuster<\/figcaption><\/figure>\n\n\n\n<figure class=\"wp-block-image size-large\"><a href=\"https:\/\/www.chepuki.com\/index.php\/lego-les-couleurs\/legostbuster\/\"><img loading=\"lazy\" decoding=\"async\" width=\"848\" height=\"1024\" data-id=\"31\" src=\"http:\/\/chepuki.clintstudio.fr\/wp-content\/uploads\/2024\/12\/16112024-Chepuki2-104-848x1024.jpg\" alt=\"\" class=\"wp-image-31\" srcset=\"https:\/\/www.chepuki.com\/wp-content\/uploads\/2024\/12\/16112024-Chepuki2-104-848x1024.jpg 848w, https:\/\/www.chepuki.com\/wp-content\/uploads\/2024\/12\/16112024-Chepuki2-104-249x300.jpg 249w, https:\/\/www.chepuki.com\/wp-content\/uploads\/2024\/12\/16112024-Chepuki2-104-768x927.jpg 768w, https:\/\/www.chepuki.com\/wp-content\/uploads\/2024\/12\/16112024-Chepuki2-104-1272x1536.jpg 1272w, https:\/\/www.chepuki.com\/wp-content\/uploads\/2024\/12\/16112024-Chepuki2-104-1696x2048.jpg 1696w\" sizes=\"auto, (max-width: 848px) 100vw, 848px\" \/><\/a><figcaption class=\"wp-element-caption\">Legostbuster<\/figcaption><\/figure>\n\n\n\n<figure class=\"wp-block-image size-large\"><a href=\"https:\/\/www.chepuki.com\/index.php\/lego-les-couleurs\/legoldeneye\/\"><img loading=\"lazy\" decoding=\"async\" width=\"1024\" height=\"841\" data-id=\"21\" src=\"http:\/\/chepuki.clintstudio.fr\/wp-content\/uploads\/2024\/12\/16112024-Chepuki2-084-Avec-accentuation-Bruit-1024x841.jpg\" alt=\"\" class=\"wp-image-21\" srcset=\"https:\/\/www.chepuki.com\/wp-content\/uploads\/2024\/12\/16112024-Chepuki2-084-Avec-accentuation-Bruit-1024x841.jpg 1024w, https:\/\/www.chepuki.com\/wp-content\/uploads\/2024\/12\/16112024-Chepuki2-084-Avec-accentuation-Bruit-300x246.jpg 300w, https:\/\/www.chepuki.com\/wp-content\/uploads\/2024\/12\/16112024-Chepuki2-084-Avec-accentuation-Bruit-768x631.jpg 768w, https:\/\/www.chepuki.com\/wp-content\/uploads\/2024\/12\/16112024-Chepuki2-084-Avec-accentuation-Bruit-1536x1261.jpg 1536w, https:\/\/www.chepuki.com\/wp-content\/uploads\/2024\/12\/16112024-Chepuki2-084-Avec-accentuation-Bruit-2048x1682.jpg 2048w\" sizes=\"auto, (max-width: 1024px) 100vw, 1024px\" \/><\/a><figcaption class=\"wp-element-caption\">Legoldeneye<\/figcaption><\/figure>\n<\/figure>\n\n\n\n<p><\/p>\n","protected":false},"excerpt":{"rendered":"<p>Dans&nbsp;Lego et les couleurs, Chepuki exploite l\u2019iconique brique de Lego et les \u201cLegoman\u201d comme support de cr\u00e9ativit\u00e9 et de jeu de mots. Chaque \u0153uvre int\u00e8gre des assemblages de briques ou des Legoman qui r\u00e9interpr\u00e8tent des<span class=\"more-button\"><a href=\"https:\/\/www.chepuki.com\/index.php\/lego-les-couleurs\/\" class=\"more-link\">Lire la suite<span class=\"screen-reader-text\">LEGO &amp; Les Couleurs<\/span><i class=\"fa fa-angle-right\" aria-hidden=\"true\"><\/i><\/a><\/span><\/p>\n","protected":false},"author":1,"featured_media":0,"parent":0,"menu_order":0,"comment_status":"closed","ping_status":"closed","template":"","meta":{"footnotes":""},"class_list":["post-93","page","type-page","status-publish","hentry"],"_links":{"self":[{"href":"https:\/\/www.chepuki.com\/index.php\/wp-json\/wp\/v2\/pages\/93","targetHints":{"allow":["GET"]}}],"collection":[{"href":"https:\/\/www.chepuki.com\/index.php\/wp-json\/wp\/v2\/pages"}],"about":[{"href":"https:\/\/www.chepuki.com\/index.php\/wp-json\/wp\/v2\/types\/page"}],"author":[{"embeddable":true,"href":"https:\/\/www.chepuki.com\/index.php\/wp-json\/wp\/v2\/users\/1"}],"replies":[{"embeddable":true,"href":"https:\/\/www.chepuki.com\/index.php\/wp-json\/wp\/v2\/comments?post=93"}],"version-history":[{"count":7,"href":"https:\/\/www.chepuki.com\/index.php\/wp-json\/wp\/v2\/pages\/93\/revisions"}],"predecessor-version":[{"id":282,"href":"https:\/\/www.chepuki.com\/index.php\/wp-json\/wp\/v2\/pages\/93\/revisions\/282"}],"wp:attachment":[{"href":"https:\/\/www.chepuki.com\/index.php\/wp-json\/wp\/v2\/media?parent=93"}],"curies":[{"name":"wp","href":"https:\/\/api.w.org\/{rel}","templated":true}]}}