{"id":86,"date":"2024-12-02T21:50:16","date_gmt":"2024-12-02T20:50:16","guid":{"rendered":"http:\/\/chepuki.clintstudio.fr\/?page_id=86"},"modified":"2024-12-23T10:19:20","modified_gmt":"2024-12-23T09:19:20","slug":"pop-murs-murs","status":"publish","type":"page","link":"https:\/\/www.chepuki.com\/index.php\/pop-murs-murs\/","title":{"rendered":"Pop Murs Murs"},"content":{"rendered":"\n<p>Avec&nbsp;<em>Pop Murs Murs<\/em>, Chepuki fusionne l\u2019\u00e9nergie du street art avec les images de la pop culture, cr\u00e9ant des \u0153uvres qui r\u00e9sonnent comme des \u00e9chos d\u2019une ville vibrante et imaginaire. Pochoirs, graffitis et textures urbaines sont combin\u00e9s pour transformer chaque \u0153uvre en une ode visuelle \u00e0 la libert\u00e9 d\u2019expression. Chaque symbole et visage sont autant de \u201cmurmures\u201d que l\u2019artiste fait r\u00e9sonner, invitant le spectateur \u00e0 explorer son propre rapport \u00e0 l\u2019urbanit\u00e9 et aux ic\u00f4nes qui fa\u00e7onnent notre quotidien. Chepuki revisite l\u2019art de rue avec humour et une esth\u00e9tique o\u00f9 chaque r\u00e9f\u00e9rence cach\u00e9e devient une invitation \u00e0 explorer les racines de notre culture visuelle moderne.<\/p>\n\n\n\n<figure class=\"wp-block-gallery has-nested-images columns-default is-cropped wp-block-gallery-1 is-layout-flex wp-block-gallery-is-layout-flex\">\n<figure class=\"wp-block-image size-large\"><a href=\"https:\/\/www.chepuki.com\/index.php\/pop-murs-murs\/dark-knight\/\"><img loading=\"lazy\" decoding=\"async\" width=\"841\" height=\"1024\" data-id=\"40\" src=\"http:\/\/chepuki.clintstudio.fr\/wp-content\/uploads\/2024\/12\/24102024-Chepuki-024-841x1024.jpg\" alt=\"\" class=\"wp-image-40\" srcset=\"https:\/\/www.chepuki.com\/wp-content\/uploads\/2024\/12\/24102024-Chepuki-024-841x1024.jpg 841w, https:\/\/www.chepuki.com\/wp-content\/uploads\/2024\/12\/24102024-Chepuki-024-246x300.jpg 246w, https:\/\/www.chepuki.com\/wp-content\/uploads\/2024\/12\/24102024-Chepuki-024-768x936.jpg 768w, https:\/\/www.chepuki.com\/wp-content\/uploads\/2024\/12\/24102024-Chepuki-024-1261x1536.jpg 1261w, https:\/\/www.chepuki.com\/wp-content\/uploads\/2024\/12\/24102024-Chepuki-024-1681x2048.jpg 1681w\" sizes=\"auto, (max-width: 841px) 100vw, 841px\" \/><\/a><figcaption class=\"wp-element-caption\">Dark Knight<\/figcaption><\/figure>\n\n\n\n<figure class=\"wp-block-image size-large\"><a href=\"https:\/\/www.chepuki.com\/index.php\/pop-murs-murs\/piss-and-love\/\"><img loading=\"lazy\" decoding=\"async\" width=\"1024\" height=\"847\" data-id=\"22\" src=\"http:\/\/chepuki.clintstudio.fr\/wp-content\/uploads\/2024\/12\/16112024-Chepuki2-087-Avec-accentuation-Bruit-1024x847.jpg\" alt=\"\" class=\"wp-image-22\" srcset=\"https:\/\/www.chepuki.com\/wp-content\/uploads\/2024\/12\/16112024-Chepuki2-087-Avec-accentuation-Bruit-1024x847.jpg 1024w, https:\/\/www.chepuki.com\/wp-content\/uploads\/2024\/12\/16112024-Chepuki2-087-Avec-accentuation-Bruit-300x248.jpg 300w, https:\/\/www.chepuki.com\/wp-content\/uploads\/2024\/12\/16112024-Chepuki2-087-Avec-accentuation-Bruit-768x635.jpg 768w, https:\/\/www.chepuki.com\/wp-content\/uploads\/2024\/12\/16112024-Chepuki2-087-Avec-accentuation-Bruit-1536x1270.jpg 1536w, https:\/\/www.chepuki.com\/wp-content\/uploads\/2024\/12\/16112024-Chepuki2-087-Avec-accentuation-Bruit-2048x1693.jpg 2048w\" sizes=\"auto, (max-width: 1024px) 100vw, 1024px\" \/><\/a><figcaption class=\"wp-element-caption\">Piss and love<\/figcaption><\/figure>\n\n\n\n<figure class=\"wp-block-image size-large\"><a href=\"https:\/\/www.chepuki.com\/index.php\/pop-murs-murs\/winnie-ni-non\/\"><img loading=\"lazy\" decoding=\"async\" width=\"848\" height=\"1024\" data-id=\"37\" src=\"http:\/\/chepuki.clintstudio.fr\/wp-content\/uploads\/2024\/12\/24102024-Chepuki-018-848x1024.jpg\" alt=\"\" class=\"wp-image-37\" srcset=\"https:\/\/www.chepuki.com\/wp-content\/uploads\/2024\/12\/24102024-Chepuki-018-848x1024.jpg 848w, https:\/\/www.chepuki.com\/wp-content\/uploads\/2024\/12\/24102024-Chepuki-018-249x300.jpg 249w, https:\/\/www.chepuki.com\/wp-content\/uploads\/2024\/12\/24102024-Chepuki-018-768x927.jpg 768w, https:\/\/www.chepuki.com\/wp-content\/uploads\/2024\/12\/24102024-Chepuki-018-1272x1536.jpg 1272w, https:\/\/www.chepuki.com\/wp-content\/uploads\/2024\/12\/24102024-Chepuki-018-1697x2048.jpg 1697w\" sizes=\"auto, (max-width: 848px) 100vw, 848px\" \/><\/a><figcaption class=\"wp-element-caption\">Winnie ni non<\/figcaption><\/figure>\n\n\n\n<figure class=\"wp-block-image size-large\"><a href=\"https:\/\/www.chepuki.com\/index.php\/snoop-dog\/\"><img loading=\"lazy\" decoding=\"async\" width=\"845\" height=\"1024\" data-id=\"23\" src=\"http:\/\/chepuki.clintstudio.fr\/wp-content\/uploads\/2024\/12\/16112024-Chepuki2-090-Avec-accentuation-Bruit-845x1024.jpg\" alt=\"\" class=\"wp-image-23\" srcset=\"https:\/\/www.chepuki.com\/wp-content\/uploads\/2024\/12\/16112024-Chepuki2-090-Avec-accentuation-Bruit-845x1024.jpg 845w, https:\/\/www.chepuki.com\/wp-content\/uploads\/2024\/12\/16112024-Chepuki2-090-Avec-accentuation-Bruit-247x300.jpg 247w, https:\/\/www.chepuki.com\/wp-content\/uploads\/2024\/12\/16112024-Chepuki2-090-Avec-accentuation-Bruit-768x931.jpg 768w, https:\/\/www.chepuki.com\/wp-content\/uploads\/2024\/12\/16112024-Chepuki2-090-Avec-accentuation-Bruit-1267x1536.jpg 1267w, https:\/\/www.chepuki.com\/wp-content\/uploads\/2024\/12\/16112024-Chepuki2-090-Avec-accentuation-Bruit-1689x2048.jpg 1689w\" sizes=\"auto, (max-width: 845px) 100vw, 845px\" \/><\/a><figcaption class=\"wp-element-caption\">Snoop Dog<\/figcaption><\/figure>\n\n\n\n<figure class=\"wp-block-image size-large\"><a href=\"https:\/\/www.chepuki.com\/index.php\/snoop-dog\/\"><img loading=\"lazy\" decoding=\"async\" width=\"845\" height=\"1024\" data-id=\"24\" src=\"http:\/\/chepuki.clintstudio.fr\/wp-content\/uploads\/2024\/12\/16112024-Chepuki2-092-845x1024.jpg\" alt=\"\" class=\"wp-image-24\" srcset=\"https:\/\/www.chepuki.com\/wp-content\/uploads\/2024\/12\/16112024-Chepuki2-092-845x1024.jpg 845w, https:\/\/www.chepuki.com\/wp-content\/uploads\/2024\/12\/16112024-Chepuki2-092-247x300.jpg 247w, https:\/\/www.chepuki.com\/wp-content\/uploads\/2024\/12\/16112024-Chepuki2-092-768x931.jpg 768w, https:\/\/www.chepuki.com\/wp-content\/uploads\/2024\/12\/16112024-Chepuki2-092-1267x1536.jpg 1267w, https:\/\/www.chepuki.com\/wp-content\/uploads\/2024\/12\/16112024-Chepuki2-092-1689x2048.jpg 1689w\" sizes=\"auto, (max-width: 845px) 100vw, 845px\" \/><\/a><figcaption class=\"wp-element-caption\">Snoop Dog<\/figcaption><\/figure>\n\n\n\n<figure class=\"wp-block-image size-large\"><a href=\"https:\/\/www.chepuki.com\/index.php\/snoop-dog\/\"><img loading=\"lazy\" decoding=\"async\" width=\"845\" height=\"1024\" data-id=\"25\" src=\"http:\/\/chepuki.clintstudio.fr\/wp-content\/uploads\/2024\/12\/16112024-Chepuki2-094-845x1024.jpg\" alt=\"\" class=\"wp-image-25\" srcset=\"https:\/\/www.chepuki.com\/wp-content\/uploads\/2024\/12\/16112024-Chepuki2-094-845x1024.jpg 845w, https:\/\/www.chepuki.com\/wp-content\/uploads\/2024\/12\/16112024-Chepuki2-094-247x300.jpg 247w, https:\/\/www.chepuki.com\/wp-content\/uploads\/2024\/12\/16112024-Chepuki2-094-768x931.jpg 768w, https:\/\/www.chepuki.com\/wp-content\/uploads\/2024\/12\/16112024-Chepuki2-094-1267x1536.jpg 1267w, https:\/\/www.chepuki.com\/wp-content\/uploads\/2024\/12\/16112024-Chepuki2-094-1689x2048.jpg 1689w\" sizes=\"auto, (max-width: 845px) 100vw, 845px\" \/><\/a><figcaption class=\"wp-element-caption\">Snoop Dog<\/figcaption><\/figure>\n\n\n\n<figure class=\"wp-block-image size-large\"><a href=\"https:\/\/www.chepuki.com\/index.php\/pop-murs-murs\/dabord\/\"><img loading=\"lazy\" decoding=\"async\" width=\"1022\" height=\"1024\" data-id=\"57\" src=\"http:\/\/chepuki.clintstudio.fr\/wp-content\/uploads\/2024\/12\/24102024-Chepuki-059-1022x1024.jpg\" alt=\"\" class=\"wp-image-57\" srcset=\"https:\/\/www.chepuki.com\/wp-content\/uploads\/2024\/12\/24102024-Chepuki-059-1022x1024.jpg 1022w, https:\/\/www.chepuki.com\/wp-content\/uploads\/2024\/12\/24102024-Chepuki-059-300x300.jpg 300w, https:\/\/www.chepuki.com\/wp-content\/uploads\/2024\/12\/24102024-Chepuki-059-150x150.jpg 150w, https:\/\/www.chepuki.com\/wp-content\/uploads\/2024\/12\/24102024-Chepuki-059-768x769.jpg 768w, https:\/\/www.chepuki.com\/wp-content\/uploads\/2024\/12\/24102024-Chepuki-059-1533x1536.jpg 1533w, https:\/\/www.chepuki.com\/wp-content\/uploads\/2024\/12\/24102024-Chepuki-059-2044x2048.jpg 2044w, https:\/\/www.chepuki.com\/wp-content\/uploads\/2024\/12\/24102024-Chepuki-059-100x100.jpg 100w\" sizes=\"auto, (max-width: 1022px) 100vw, 1022px\" \/><\/a><figcaption class=\"wp-element-caption\">Dab&rsquo;ord<\/figcaption><\/figure>\n\n\n\n<figure class=\"wp-block-image size-large\"><a href=\"https:\/\/www.chepuki.com\/index.php\/pop-murs-murs\/dabord\/\"><img loading=\"lazy\" decoding=\"async\" width=\"1022\" height=\"1024\" data-id=\"59\" src=\"http:\/\/chepuki.clintstudio.fr\/wp-content\/uploads\/2024\/12\/24102024-Chepuki-065-1022x1024.jpg\" alt=\"\" class=\"wp-image-59\" srcset=\"https:\/\/www.chepuki.com\/wp-content\/uploads\/2024\/12\/24102024-Chepuki-065-1022x1024.jpg 1022w, https:\/\/www.chepuki.com\/wp-content\/uploads\/2024\/12\/24102024-Chepuki-065-300x300.jpg 300w, https:\/\/www.chepuki.com\/wp-content\/uploads\/2024\/12\/24102024-Chepuki-065-150x150.jpg 150w, https:\/\/www.chepuki.com\/wp-content\/uploads\/2024\/12\/24102024-Chepuki-065-768x769.jpg 768w, https:\/\/www.chepuki.com\/wp-content\/uploads\/2024\/12\/24102024-Chepuki-065-1533x1536.jpg 1533w, https:\/\/www.chepuki.com\/wp-content\/uploads\/2024\/12\/24102024-Chepuki-065-2044x2048.jpg 2044w, https:\/\/www.chepuki.com\/wp-content\/uploads\/2024\/12\/24102024-Chepuki-065-100x100.jpg 100w\" sizes=\"auto, (max-width: 1022px) 100vw, 1022px\" \/><\/a><figcaption class=\"wp-element-caption\">Dab&rsquo;ord<\/figcaption><\/figure>\n\n\n\n<figure class=\"wp-block-image size-large\"><a href=\"https:\/\/www.chepuki.com\/index.php\/pop-murs-murs\/dabord\/\"><img loading=\"lazy\" decoding=\"async\" width=\"1022\" height=\"1024\" data-id=\"58\" src=\"http:\/\/chepuki.clintstudio.fr\/wp-content\/uploads\/2024\/12\/24102024-Chepuki-060-HDR-1022x1024.jpg\" alt=\"\" class=\"wp-image-58\" srcset=\"https:\/\/www.chepuki.com\/wp-content\/uploads\/2024\/12\/24102024-Chepuki-060-HDR-1022x1024.jpg 1022w, https:\/\/www.chepuki.com\/wp-content\/uploads\/2024\/12\/24102024-Chepuki-060-HDR-300x300.jpg 300w, https:\/\/www.chepuki.com\/wp-content\/uploads\/2024\/12\/24102024-Chepuki-060-HDR-150x150.jpg 150w, https:\/\/www.chepuki.com\/wp-content\/uploads\/2024\/12\/24102024-Chepuki-060-HDR-768x769.jpg 768w, https:\/\/www.chepuki.com\/wp-content\/uploads\/2024\/12\/24102024-Chepuki-060-HDR-1533x1536.jpg 1533w, https:\/\/www.chepuki.com\/wp-content\/uploads\/2024\/12\/24102024-Chepuki-060-HDR-2044x2048.jpg 2044w, https:\/\/www.chepuki.com\/wp-content\/uploads\/2024\/12\/24102024-Chepuki-060-HDR-100x100.jpg 100w\" sizes=\"auto, (max-width: 1022px) 100vw, 1022px\" \/><\/a><figcaption class=\"wp-element-caption\">Dab&rsquo;ord<\/figcaption><\/figure>\n\n\n\n<figure class=\"wp-block-image size-large\"><img loading=\"lazy\" decoding=\"async\" width=\"848\" height=\"1024\" data-id=\"56\" src=\"http:\/\/chepuki.clintstudio.fr\/wp-content\/uploads\/2024\/12\/24102024-Chepuki-058-848x1024.jpg\" alt=\"\" class=\"wp-image-56\" srcset=\"https:\/\/www.chepuki.com\/wp-content\/uploads\/2024\/12\/24102024-Chepuki-058-848x1024.jpg 848w, https:\/\/www.chepuki.com\/wp-content\/uploads\/2024\/12\/24102024-Chepuki-058-248x300.jpg 248w, https:\/\/www.chepuki.com\/wp-content\/uploads\/2024\/12\/24102024-Chepuki-058-768x927.jpg 768w, https:\/\/www.chepuki.com\/wp-content\/uploads\/2024\/12\/24102024-Chepuki-058-1272x1536.jpg 1272w, https:\/\/www.chepuki.com\/wp-content\/uploads\/2024\/12\/24102024-Chepuki-058-1696x2048.jpg 1696w\" sizes=\"auto, (max-width: 848px) 100vw, 848px\" \/><figcaption class=\"wp-element-caption\">Very Super Mario<\/figcaption><\/figure>\n\n\n\n<figure class=\"wp-block-image size-large\"><img loading=\"lazy\" decoding=\"async\" width=\"848\" height=\"1024\" data-id=\"55\" src=\"http:\/\/chepuki.clintstudio.fr\/wp-content\/uploads\/2024\/12\/24102024-Chepuki-057-848x1024.jpg\" alt=\"\" class=\"wp-image-55\" srcset=\"https:\/\/www.chepuki.com\/wp-content\/uploads\/2024\/12\/24102024-Chepuki-057-848x1024.jpg 848w, https:\/\/www.chepuki.com\/wp-content\/uploads\/2024\/12\/24102024-Chepuki-057-248x300.jpg 248w, https:\/\/www.chepuki.com\/wp-content\/uploads\/2024\/12\/24102024-Chepuki-057-768x927.jpg 768w, https:\/\/www.chepuki.com\/wp-content\/uploads\/2024\/12\/24102024-Chepuki-057-1272x1536.jpg 1272w, https:\/\/www.chepuki.com\/wp-content\/uploads\/2024\/12\/24102024-Chepuki-057-1696x2048.jpg 1696w\" sizes=\"auto, (max-width: 848px) 100vw, 848px\" \/><figcaption class=\"wp-element-caption\">Very Super Mario<\/figcaption><\/figure>\n\n\n\n<figure class=\"wp-block-image size-large\"><img loading=\"lazy\" decoding=\"async\" width=\"848\" height=\"1024\" data-id=\"54\" src=\"http:\/\/chepuki.clintstudio.fr\/wp-content\/uploads\/2024\/12\/24102024-Chepuki-056-Avec-accentuation-Bruit-848x1024.jpg\" alt=\"\" class=\"wp-image-54\" srcset=\"https:\/\/www.chepuki.com\/wp-content\/uploads\/2024\/12\/24102024-Chepuki-056-Avec-accentuation-Bruit-848x1024.jpg 848w, https:\/\/www.chepuki.com\/wp-content\/uploads\/2024\/12\/24102024-Chepuki-056-Avec-accentuation-Bruit-248x300.jpg 248w, https:\/\/www.chepuki.com\/wp-content\/uploads\/2024\/12\/24102024-Chepuki-056-Avec-accentuation-Bruit-768x927.jpg 768w, https:\/\/www.chepuki.com\/wp-content\/uploads\/2024\/12\/24102024-Chepuki-056-Avec-accentuation-Bruit-1272x1536.jpg 1272w, https:\/\/www.chepuki.com\/wp-content\/uploads\/2024\/12\/24102024-Chepuki-056-Avec-accentuation-Bruit-1696x2048.jpg 1696w\" sizes=\"auto, (max-width: 848px) 100vw, 848px\" \/><figcaption class=\"wp-element-caption\">Very Super Mario<\/figcaption><\/figure>\n\n\n\n<figure class=\"wp-block-image size-large\"><a href=\"https:\/\/www.chepuki.com\/index.php\/pop-murs-murs\/cheshir-dream-big\/\"><img loading=\"lazy\" decoding=\"async\" width=\"856\" height=\"1024\" data-id=\"26\" src=\"http:\/\/chepuki.clintstudio.fr\/wp-content\/uploads\/2024\/12\/16112024-Chepuki2-095-Avec-accentuation-Bruit-856x1024.jpg\" alt=\"\" class=\"wp-image-26\" srcset=\"https:\/\/www.chepuki.com\/wp-content\/uploads\/2024\/12\/16112024-Chepuki2-095-Avec-accentuation-Bruit-856x1024.jpg 856w, https:\/\/www.chepuki.com\/wp-content\/uploads\/2024\/12\/16112024-Chepuki2-095-Avec-accentuation-Bruit-251x300.jpg 251w, https:\/\/www.chepuki.com\/wp-content\/uploads\/2024\/12\/16112024-Chepuki2-095-Avec-accentuation-Bruit-768x919.jpg 768w, https:\/\/www.chepuki.com\/wp-content\/uploads\/2024\/12\/16112024-Chepuki2-095-Avec-accentuation-Bruit-1284x1536.jpg 1284w, https:\/\/www.chepuki.com\/wp-content\/uploads\/2024\/12\/16112024-Chepuki2-095-Avec-accentuation-Bruit-1712x2048.jpg 1712w\" sizes=\"auto, (max-width: 856px) 100vw, 856px\" \/><\/a><figcaption class=\"wp-element-caption\">Cheshire Dream Big<\/figcaption><\/figure>\n\n\n\n<figure class=\"wp-block-image size-large\"><a href=\"https:\/\/www.chepuki.com\/index.php\/pop-murs-murs\/cheshir-dream-big\/\"><img loading=\"lazy\" decoding=\"async\" width=\"856\" height=\"1024\" data-id=\"28\" src=\"http:\/\/chepuki.clintstudio.fr\/wp-content\/uploads\/2024\/12\/16112024-Chepuki2-097-856x1024.jpg\" alt=\"\" class=\"wp-image-28\" srcset=\"https:\/\/www.chepuki.com\/wp-content\/uploads\/2024\/12\/16112024-Chepuki2-097-856x1024.jpg 856w, https:\/\/www.chepuki.com\/wp-content\/uploads\/2024\/12\/16112024-Chepuki2-097-251x300.jpg 251w, https:\/\/www.chepuki.com\/wp-content\/uploads\/2024\/12\/16112024-Chepuki2-097-768x919.jpg 768w, https:\/\/www.chepuki.com\/wp-content\/uploads\/2024\/12\/16112024-Chepuki2-097-1284x1536.jpg 1284w, https:\/\/www.chepuki.com\/wp-content\/uploads\/2024\/12\/16112024-Chepuki2-097-1712x2048.jpg 1712w\" sizes=\"auto, (max-width: 856px) 100vw, 856px\" \/><\/a><figcaption class=\"wp-element-caption\">Cheshire Dream Big<\/figcaption><\/figure>\n\n\n\n<figure class=\"wp-block-image size-large\"><a href=\"https:\/\/www.chepuki.com\/index.php\/pop-murs-murs\/cheshir-dream-big\/\"><img loading=\"lazy\" decoding=\"async\" width=\"856\" height=\"1024\" data-id=\"27\" src=\"http:\/\/chepuki.clintstudio.fr\/wp-content\/uploads\/2024\/12\/16112024-Chepuki2-096-856x1024.jpg\" alt=\"\" class=\"wp-image-27\" srcset=\"https:\/\/www.chepuki.com\/wp-content\/uploads\/2024\/12\/16112024-Chepuki2-096-856x1024.jpg 856w, https:\/\/www.chepuki.com\/wp-content\/uploads\/2024\/12\/16112024-Chepuki2-096-251x300.jpg 251w, https:\/\/www.chepuki.com\/wp-content\/uploads\/2024\/12\/16112024-Chepuki2-096-768x919.jpg 768w, https:\/\/www.chepuki.com\/wp-content\/uploads\/2024\/12\/16112024-Chepuki2-096-1284x1536.jpg 1284w, https:\/\/www.chepuki.com\/wp-content\/uploads\/2024\/12\/16112024-Chepuki2-096-1712x2048.jpg 1712w\" sizes=\"auto, (max-width: 856px) 100vw, 856px\" \/><\/a><figcaption class=\"wp-element-caption\">Cheshire Dream Big<\/figcaption><\/figure>\n\n\n\n<figure class=\"wp-block-image size-large\"><img loading=\"lazy\" decoding=\"async\" width=\"1024\" height=\"912\" data-id=\"41\" src=\"http:\/\/chepuki.clintstudio.fr\/wp-content\/uploads\/2024\/12\/24102024-Chepuki-025-Modifier-1024x912.jpg\" alt=\"\" class=\"wp-image-41\" srcset=\"https:\/\/www.chepuki.com\/wp-content\/uploads\/2024\/12\/24102024-Chepuki-025-Modifier-1024x912.jpg 1024w, https:\/\/www.chepuki.com\/wp-content\/uploads\/2024\/12\/24102024-Chepuki-025-Modifier-300x267.jpg 300w, https:\/\/www.chepuki.com\/wp-content\/uploads\/2024\/12\/24102024-Chepuki-025-Modifier-768x684.jpg 768w, https:\/\/www.chepuki.com\/wp-content\/uploads\/2024\/12\/24102024-Chepuki-025-Modifier-1536x1369.jpg 1536w, https:\/\/www.chepuki.com\/wp-content\/uploads\/2024\/12\/24102024-Chepuki-025-Modifier-2048x1825.jpg 2048w\" sizes=\"auto, (max-width: 1024px) 100vw, 1024px\" \/><figcaption class=\"wp-element-caption\">I wanna be loved by you<\/figcaption><\/figure>\n\n\n\n<figure class=\"wp-block-image size-large\"><img loading=\"lazy\" decoding=\"async\" width=\"1024\" height=\"960\" data-id=\"42\" src=\"http:\/\/chepuki.clintstudio.fr\/wp-content\/uploads\/2024\/12\/24102024-Chepuki-026-Modifier-1024x960.jpg\" alt=\"\" class=\"wp-image-42\" srcset=\"https:\/\/www.chepuki.com\/wp-content\/uploads\/2024\/12\/24102024-Chepuki-026-Modifier-1024x960.jpg 1024w, https:\/\/www.chepuki.com\/wp-content\/uploads\/2024\/12\/24102024-Chepuki-026-Modifier-300x281.jpg 300w, https:\/\/www.chepuki.com\/wp-content\/uploads\/2024\/12\/24102024-Chepuki-026-Modifier-768x720.jpg 768w, https:\/\/www.chepuki.com\/wp-content\/uploads\/2024\/12\/24102024-Chepuki-026-Modifier-1536x1440.jpg 1536w, https:\/\/www.chepuki.com\/wp-content\/uploads\/2024\/12\/24102024-Chepuki-026-Modifier-2048x1920.jpg 2048w\" sizes=\"auto, (max-width: 1024px) 100vw, 1024px\" \/><figcaption class=\"wp-element-caption\">Beep Beep<\/figcaption><\/figure>\n\n\n\n<figure class=\"wp-block-image size-large\"><img loading=\"lazy\" decoding=\"async\" width=\"1024\" height=\"900\" data-id=\"17\" src=\"http:\/\/chepuki.clintstudio.fr\/wp-content\/uploads\/2024\/12\/16112024-Chepuki2-080-Avec-accentuation-Bruit-Modifier-1024x900.jpg\" alt=\"\" class=\"wp-image-17\" srcset=\"https:\/\/www.chepuki.com\/wp-content\/uploads\/2024\/12\/16112024-Chepuki2-080-Avec-accentuation-Bruit-Modifier-1024x900.jpg 1024w, https:\/\/www.chepuki.com\/wp-content\/uploads\/2024\/12\/16112024-Chepuki2-080-Avec-accentuation-Bruit-Modifier-300x264.jpg 300w, https:\/\/www.chepuki.com\/wp-content\/uploads\/2024\/12\/16112024-Chepuki2-080-Avec-accentuation-Bruit-Modifier-768x675.jpg 768w, https:\/\/www.chepuki.com\/wp-content\/uploads\/2024\/12\/16112024-Chepuki2-080-Avec-accentuation-Bruit-Modifier-1536x1350.jpg 1536w, https:\/\/www.chepuki.com\/wp-content\/uploads\/2024\/12\/16112024-Chepuki2-080-Avec-accentuation-Bruit-Modifier-2048x1800.jpg 2048w\" sizes=\"auto, (max-width: 1024px) 100vw, 1024px\" \/><figcaption class=\"wp-element-caption\">Just d&rsquo;oh it<\/figcaption><\/figure>\n\n\n\n<figure class=\"wp-block-image size-large\"><img loading=\"lazy\" decoding=\"async\" width=\"1024\" height=\"917\" data-id=\"16\" src=\"http:\/\/chepuki.clintstudio.fr\/wp-content\/uploads\/2024\/12\/16112024-Chepuki2-079-Avec-accentuation-Bruit-Modifier-1024x917.jpg\" alt=\"\" class=\"wp-image-16\" srcset=\"https:\/\/www.chepuki.com\/wp-content\/uploads\/2024\/12\/16112024-Chepuki2-079-Avec-accentuation-Bruit-Modifier-1024x917.jpg 1024w, https:\/\/www.chepuki.com\/wp-content\/uploads\/2024\/12\/16112024-Chepuki2-079-Avec-accentuation-Bruit-Modifier-300x269.jpg 300w, https:\/\/www.chepuki.com\/wp-content\/uploads\/2024\/12\/16112024-Chepuki2-079-Avec-accentuation-Bruit-Modifier-768x688.jpg 768w, https:\/\/www.chepuki.com\/wp-content\/uploads\/2024\/12\/16112024-Chepuki2-079-Avec-accentuation-Bruit-Modifier-1536x1375.jpg 1536w, https:\/\/www.chepuki.com\/wp-content\/uploads\/2024\/12\/16112024-Chepuki2-079-Avec-accentuation-Bruit-Modifier-2048x1834.jpg 2048w\" sizes=\"auto, (max-width: 1024px) 100vw, 1024px\" \/><figcaption class=\"wp-element-caption\">Sparta<\/figcaption><\/figure>\n\n\n\n<figure class=\"wp-block-image size-large\"><img loading=\"lazy\" decoding=\"async\" width=\"1024\" height=\"883\" data-id=\"46\" src=\"http:\/\/chepuki.clintstudio.fr\/wp-content\/uploads\/2024\/12\/24102024-Chepuki-033-Modifier-1024x883.jpg\" alt=\"\" class=\"wp-image-46\" srcset=\"https:\/\/www.chepuki.com\/wp-content\/uploads\/2024\/12\/24102024-Chepuki-033-Modifier-1024x883.jpg 1024w, https:\/\/www.chepuki.com\/wp-content\/uploads\/2024\/12\/24102024-Chepuki-033-Modifier-300x259.jpg 300w, https:\/\/www.chepuki.com\/wp-content\/uploads\/2024\/12\/24102024-Chepuki-033-Modifier-768x662.jpg 768w, https:\/\/www.chepuki.com\/wp-content\/uploads\/2024\/12\/24102024-Chepuki-033-Modifier-1536x1324.jpg 1536w, https:\/\/www.chepuki.com\/wp-content\/uploads\/2024\/12\/24102024-Chepuki-033-Modifier-2048x1766.jpg 2048w\" sizes=\"auto, (max-width: 1024px) 100vw, 1024px\" \/><figcaption class=\"wp-element-caption\">Jess en travaux<\/figcaption><\/figure>\n\n\n\n<figure class=\"wp-block-image size-large\"><a href=\"https:\/\/www.chepuki.com\/index.php\/pop-murs-murs\/ghostbrothers\/\"><img loading=\"lazy\" decoding=\"async\" width=\"1022\" height=\"1024\" data-id=\"53\" src=\"http:\/\/chepuki.clintstudio.fr\/wp-content\/uploads\/2024\/12\/24102024-Chepuki-049-1022x1024.jpg\" alt=\"\" class=\"wp-image-53\" srcset=\"https:\/\/www.chepuki.com\/wp-content\/uploads\/2024\/12\/24102024-Chepuki-049-1022x1024.jpg 1022w, https:\/\/www.chepuki.com\/wp-content\/uploads\/2024\/12\/24102024-Chepuki-049-300x300.jpg 300w, https:\/\/www.chepuki.com\/wp-content\/uploads\/2024\/12\/24102024-Chepuki-049-150x150.jpg 150w, https:\/\/www.chepuki.com\/wp-content\/uploads\/2024\/12\/24102024-Chepuki-049-768x770.jpg 768w, https:\/\/www.chepuki.com\/wp-content\/uploads\/2024\/12\/24102024-Chepuki-049-1533x1536.jpg 1533w, https:\/\/www.chepuki.com\/wp-content\/uploads\/2024\/12\/24102024-Chepuki-049-2044x2048.jpg 2044w, https:\/\/www.chepuki.com\/wp-content\/uploads\/2024\/12\/24102024-Chepuki-049-100x100.jpg 100w\" sizes=\"auto, (max-width: 1022px) 100vw, 1022px\" \/><\/a><figcaption class=\"wp-element-caption\">GhostBrother&rsquo;s<\/figcaption><\/figure>\n<\/figure>\n\n\n\n<p><\/p>\n","protected":false},"excerpt":{"rendered":"<p>Avec&nbsp;Pop Murs Murs, Chepuki fusionne l\u2019\u00e9nergie du street art avec les images de la pop culture, cr\u00e9ant des \u0153uvres qui r\u00e9sonnent comme des \u00e9chos d\u2019une ville vibrante et imaginaire. Pochoirs, graffitis et textures urbaines sont<span class=\"more-button\"><a href=\"https:\/\/www.chepuki.com\/index.php\/pop-murs-murs\/\" class=\"more-link\">Lire la suite<span class=\"screen-reader-text\">Pop Murs Murs<\/span><i class=\"fa fa-angle-right\" aria-hidden=\"true\"><\/i><\/a><\/span><\/p>\n","protected":false},"author":1,"featured_media":0,"parent":0,"menu_order":0,"comment_status":"closed","ping_status":"closed","template":"","meta":{"footnotes":""},"class_list":["post-86","page","type-page","status-publish","hentry"],"_links":{"self":[{"href":"https:\/\/www.chepuki.com\/index.php\/wp-json\/wp\/v2\/pages\/86","targetHints":{"allow":["GET"]}}],"collection":[{"href":"https:\/\/www.chepuki.com\/index.php\/wp-json\/wp\/v2\/pages"}],"about":[{"href":"https:\/\/www.chepuki.com\/index.php\/wp-json\/wp\/v2\/types\/page"}],"author":[{"embeddable":true,"href":"https:\/\/www.chepuki.com\/index.php\/wp-json\/wp\/v2\/users\/1"}],"replies":[{"embeddable":true,"href":"https:\/\/www.chepuki.com\/index.php\/wp-json\/wp\/v2\/comments?post=86"}],"version-history":[{"count":10,"href":"https:\/\/www.chepuki.com\/index.php\/wp-json\/wp\/v2\/pages\/86\/revisions"}],"predecessor-version":[{"id":308,"href":"https:\/\/www.chepuki.com\/index.php\/wp-json\/wp\/v2\/pages\/86\/revisions\/308"}],"wp:attachment":[{"href":"https:\/\/www.chepuki.com\/index.php\/wp-json\/wp\/v2\/media?parent=86"}],"curies":[{"name":"wp","href":"https:\/\/api.w.org\/{rel}","templated":true}]}}